{"id":730,"date":"2020-04-15T17:36:41","date_gmt":"2020-04-15T17:36:41","guid":{"rendered":"https:\/\/www.precisionostech.com\/privacy-statement-eu\/"},"modified":"2020-04-15T17:36:41","modified_gmt":"2020-04-15T17:36:41","slug":"privacy-statement-eu","status":"publish","type":"page","link":"https:\/\/www.precisionostech.com\/es\/privacy-statement-eu\/","title":{"rendered":"Declaraci\u00f3n de privacidad (UE)"},"content":{"rendered":"<!-- This legal document was generated by Complianz | GDPR\/CCPA Cookie Consent https:\/\/wordpress.org\/plugins\/complianz-gdpr -->\n<div id=\"cmplz-document\" class=\"cmplz-document privacy-statement\"><p><i>Esta pol\u00edtica de privacidad fu\u00e9 actualizada por ultima vez en abril 15, 2020 y es aplicada a los ciudadanos del Espacio Econ\u00f3mico Europeo (UE).<\/i><\/p><p><p>En esta declaraci\u00f3n de privacidad, explicamos lo que hacemos con los datos que obtenemos sobre usted a trav\u00e9s de <a href=\"https:\/\/www.precisionostech.com\/es\">https:\/\/www.precisionostech.com\/es<\/a>. Le recomendamos que lea atentamente esta declaraci\u00f3n. En nuestro procesamiento cumplimos con los requisitos de la legislaci\u00f3n de privacidad. Lo que significa, entre otras cosas, que:<\/p><ul>\n                <li>indicamos claramente los fines para los que procesamos los datos personales. Hacemos esto por medio de esta declaraci\u00f3n de privacidad.<\/li>\n                <li>nuestro objetivo es limitar nuestra recopilaci\u00f3n de datos personales a los datos personales necesarios para fines leg\u00edtimos.<\/li>\n                <li>en primer lugar, solicitamos su consentimiento expl\u00edcito para el tratamiento de sus datos personales en los casos en que sea necesario.<\/li>\n                <li>tomamos las medidas de seguridad adecuadas para proteger sus datos personales y tambi\u00e9n se lo exigimos a las partes que procesan datos personales en nuestro nombre;<\/li>\n                <li>respetamos su derecho a acceder, rectificar o cancelar sus datos personales previa solicitud.<\/li>\n            <\/ul><p>Si tiene alguna pregunta o desea saber exactamente qu\u00e9 datos sobre usted guardamos, p\u00f3ngase en contacto con nosotros.<\/p><\/p><h3>1. Prop\u00f3sito, datos y periodo de retenci\u00f3n<\/h3><p class=\"cmplz-subtitle\">1.1 Utilizamos sus datos para el siguiente prop\u00f3sito:<\/p><p>Contacto &#8211; Por tel\u00e9fono, correo, correo electr\u00f3nico y\/o formularios en el sitio<\/p><p class=\"cmplz-subtitle\">Para ello utilizamos los siguientes datos:<\/p><p><ul><li>Nombre, Direcciones y Ciudad<\/li><li>Direcci\u00f3n de correo electr\u00f3nico<\/li><\/ul><\/p><p class=\"cmplz-subtitle\">La base sobre la que podemos procesar estos datos es:<\/p><p>Consentimiento obtenido<\/p><p class=\"cmplz-subtitle\">Per\u00edodo de retenci\u00f3n<\/p><p>Retendremos estos datos hasta que el servicio sea cancelado.<\/p><p class=\"cmplz-subtitle\">1.2 Utilizamos sus datos para el siguiente prop\u00f3sito:<\/p><p>Para dar soporte a servicios o productos que un cliente quiere comprar o ha comprado<\/p><p class=\"cmplz-subtitle\">Para ello utilizamos los siguientes datos:<\/p><p><ul><li>Nombre, Direcciones y Ciudad<\/li><li>Direcci\u00f3n de correo electr\u00f3nico<\/li><li>Otro:<\/li><\/ul><\/p><p class=\"cmplz-indent\">Organizaci\u00f3n y funci\u00f3n de la empresa<\/p><p class=\"cmplz-subtitle\">La base sobre la que podemos procesar estos datos es:<\/p><p>Consentimiento obtenido<\/p><p class=\"cmplz-subtitle\">Per\u00edodo de retenci\u00f3n<\/p><p>Retendremos estos datos hasta que el servicio sea cancelado.<\/p><p class=\"cmplz-subtitle\">1.3 Utilizamos sus datos para el siguiente prop\u00f3sito:<\/p><p>Poder ofrecer productos y servicios personalizados.<\/p><p class=\"cmplz-subtitle\">Para ello utilizamos los siguientes datos:<\/p><p><ul><li>Nombre, Direcciones y Ciudad<\/li><li>Direcci\u00f3n de correo electr\u00f3nico<\/li><\/ul><\/p><p class=\"cmplz-subtitle\">La base sobre la que podemos procesar estos datos es:<\/p><p>Consentimiento obtenido<\/p><p class=\"cmplz-subtitle\">Per\u00edodo de retenci\u00f3n<\/p><p>Retendremos estos datos hasta que el servicio sea cancelado.<\/p><h3>2. Compartir con otras partes<\/h3><p>No compartimos sus datos con terceros.<\/p><h3>3. Cookies<\/h3><p>Nuestro sitio web utiliza cookies. Para m\u00e1s informaci\u00f3n acerca de las cookies, por favor refi\u00e9rase a nuestra Declaraci\u00f3n de <a href=\"https:\/\/www.precisionostech.com\/es\/cookie-policy-eu\/\">Pol\u00edtica de Cookies<\/a>.&nbsp;<\/p><p>Tenemos un acuerdo de procesamiento de datos con Google.<\/p><p>Google no puede utilizar estos datos para otros servicios de Google.<\/p><p>La inclusi\u00f3n de direcciones IP completas es bloqueada por nosotros.<\/p><h3>4. Seguridad<\/h3><p>Estamos comprometidos con la seguridad de los datos personales. Tomamos las medidas de seguridad adecuadas para limitar el abuso y el acceso no autorizado a los datos personales. Esto asegura que s\u00f3lo las personas necesarias tengan acceso a sus datos, que el acceso a los datos est\u00e9 protegido y que nuestras medidas de seguridad sean revisadas regularmente.<\/p><h3>5. Sitios web de terceros<\/h3><p>Esta declaraci\u00f3n de privacidad no se aplica a los sitios web de terceros conectados por enlaces en nuestro sitio web. No podemos garantizar que estos terceros manejen sus datos personales de forma fiable y segura. Le recomendamos que lea las declaraciones de privacidad de estos sitios web antes de hacer uso de ellos.<\/p><h3>6. Privacidad y referencia a la declaraci\u00f3n de privacidad<\/h3><p>Nos reservamos el derecho de hacer enmiendas a esta declaraci\u00f3n de privacidad. Se recomienda que consulte esta declaraci\u00f3n de privacidad regularmente para estar al tanto de cualquier cambio. Adem\u00e1s, le informaremos activamente siempre que sea posible.<\/p><h3>7. Acceso y modificaci\u00f3n de sus datos<\/h3><p><p>Si tiene alguna pregunta o desea saber qu\u00e9 datos personales tenemos sobre usted, p\u00f3ngase en contacto con nosotros. Puede ponerse en contacto con nosotros utilizando la siguiente informaci\u00f3n. Usted tiene los siguientes derechos:<\/p><ul>\n                <li>Usted tiene derecho a saber por qu\u00e9 se necesitan sus datos personales, qu\u00e9 suceder\u00e1 con ellos y durante cu\u00e1nto tiempo se conservar\u00e1n.<\/li>\n                <li>Derecho de acceso: Tiene derecho a acceder a los datos personales que conocemos sobre usted.<\/li>\n                <li>Derecho de rectificaci\u00f3n: tiene derecho a completar, rectificar, borrar o bloquear sus datos personales cuando lo desee.<\/li>\n                <li>Si usted nos da su consentimiento para procesar sus datos, tiene derecho a revocar dicho consentimiento ya que se eliminen sus datos personales.<\/li>\n                <li>Derecho de cesi\u00f3n de sus datos: tiene derecho a solicitar todos sus datos personales al controlador y a transferirlos \u00edntegramente a otro controlador.<\/li>\n                <li>Derecho de oposici\u00f3n: usted puede oponerse al tratamiento de sus datos. Nosotros cumplimos con esto, a menos que existan motivos justificados para el procesamiento.<\/li>\n            <\/ul><p>Por favor, aseg\u00farese de indicar siempre claramente qui\u00e9n es usted, para que podamos estar seguros de que no modificamos o eliminamos ning\u00fan dato de la persona equivocada.<\/p><\/p><h3>8. Enviando una queja<\/h3><p>Si no est\u00e1 satisfecho con la forma en que tratamos o procesamos sus datos personales, tiene derecho a presentar una queja a la Autoridad de Protecci\u00f3n de Datos.<\/p><h3>9. Detalles de contacto<\/h3><p>Precision OS Technology Inc<br>\n        319 West Hastings, Suite 500 <br \/>\r\nVancouver, BC Canad\u00e1 V6B 1H6<br>\n        Canad\u00e1<br>\n        Sitio web: <a href=\"https:\/\/www.precisionostech.com\/es\">https:\/\/www.precisionostech.com\/es<\/a> <br>\n        Correo electr\u00f3nico: <a href=\"mailto:in&#102;&#x6f;&#x40;pr&#x65;cis&#105;&#x6f;nostech&#x2e;&#099;o&#109;\">info@precisionostech.com<\/a> <br>\n        N\u00famero de tel\u00e9fono: 604 377 0401<br><\/p><h3>Anexo<\/h3><p><h3>WP Smush<\/h3>\r\n<h3>Complemento: Smush<\/h3>\r\nNote: Smush does not interact with end users on your website. The only input option Smush has is to a newsletter subscription for site admins only. If you would like to notify your users of this in your privacy policy, you can use the information below.\r\n\r\nSmush sends images to the WPMU DEV servers to optimize them for web use. This includes the transfer of EXIF data. The EXIF data will either be stripped or returned as it is. It is not stored on the WPMU DEV servers.\r\n\r\nSmush uses the Stackpath Content Delivery Network (CDN). Stackpath may store web log information of site visitors, including IPs, UA, referrer, Location and ISP info of site visitors for 7 days. Files and images served by the CDN may be stored and served from countries other than your own. Stackpath&#8217;s privacy policy can be found <a href=\"https:\/\/www.stackpath.com\/legal\/privacy-statement\/\" target=\"_blank\" rel=\"noopener\">aqu\u00ed<\/a>.\r\n\r\nSmush uses a third-party email service (Drip) to send informational emails to the site administrator. The administrator&#8217;s email address is sent to Drip and a cookie is set by the service. Only administrator information is collected by Drip.\r\n<h3>Inicio de sesi\u00f3n social Nextend<\/h3>\r\n<h2>Qu\u00e9 datos personales recopilamos y por qu\u00e9 los recopilamos<\/h2>\r\n<p class=\"privacy-policy-tutorial\">Nextend Social Login collects data when a visitor register, login or link the account with with any of the enabled social provider. It collects the following data: email address, name, social provider identifier and access token. Also it can collect profile picture and more fields with the Pro Addon&#8217;s sync data feature.<\/p>\r\n\r\n<h2>Con qui\u00e9n compartimos sus datos<\/h2>\r\n<p class=\"privacy-policy-tutorial\">Nextend Social Login almacena los datos personales en su sitio y no los comparte con nadie, excepto el token de acceso que se utiliz\u00f3 para la comunicaci\u00f3n autenticada con los proveedores de redes sociales.<\/p>\r\n\r\n<h2>\u00bfEl complemento comparte datos personales con terceros?<\/h2>\r\n<p class=\"privacy-policy-tutorial\">Nextend Social Login usa el token de acceso que le dio el proveedor social para comunicarse con los proveedores para verificar la cuenta y acceder de forma segura a los datos personales.<\/p>\r\n\r\n<h2>Cu\u00e1nto tiempo conservamos sus datos<\/h2>\r\n<p class=\"privacy-policy-tutorial\">Nextend Social Login elimina los datos personales recopilados cuando el usuario los elimina de WordPress.<\/p>\r\n\r\n<h2>\u00bfEl complemento utiliza datos personales recopilados por otros?<\/h2>\r\n<p class=\"privacy-policy-tutorial\">Nextend Social Login utiliza los datos personales recopilados por los proveedores de redes sociales para crear una cuenta en su sitio cuando el visitante lo autoriza.<\/p>\r\n\r\n<h2>\u00bfEl complemento almacena cosas en el navegador?<\/h2>\r\n<p class=\"privacy-policy-tutorial\">S\u00ed, Nextend Social Login debe crear una cookie para los visitantes que utilizan el flujo de autorizaci\u00f3n de inicio de sesi\u00f3n social. Esta cookie es necesaria para que todos los proveedores aseguren la comunicaci\u00f3n y redireccionen al usuario a la \u00faltima ubicaci\u00f3n.<\/p>\r\n\r\n<h2>\u00bfEl complemento recopila datos de telemetr\u00eda, directa o indirectamente?<\/h2>\r\n<p class=\"privacy-policy-tutorial\">No<\/p>\r\n\r\n<h2>\u00bfEl complemento pone en cola JavaScript, p\u00edxeles de seguimiento o incrusta iframes de un tercero?<\/h2>\r\n<p class=\"privacy-policy-tutorial\">No<\/p>\r\n\r\n<h3>Revoluci\u00f3n deslizante<\/h3>\r\n<h2>In case you\u2019re using Google Web Fonts (default) or playing videos or sounds via YouTube or Vimeo in Slider Revolution we recommend to add the corresponding text phrase to your privacy police:<\/h2>\r\n<h3>YouTube<\/h3>\r\nOur website uses plugins from YouTube, which is operated by Google. The operator of the pages is YouTube LLC, 901 Cherry Ave., San Bruno, CA 94066, USA.\r\n\r\nIf you visit one of our pages featuring a YouTube plugin, a connection to the YouTube servers is established. Here the YouTube server is informed about which of our pages you have visited.\r\n\r\nIf you&#8217;re logged in to your YouTube account, YouTube allows you to associate your browsing behavior directly with your personal profile. You can prevent this by logging out of your YouTube account.\r\n\r\nYouTube is used to help make our website appealing. This constitutes a justified interest pursuant to Art. 6 (1) (f) DSGVO.\r\n\r\nFurther information about handling user data, can be found in the data protection declaration of YouTube under <a href=\"https:\/\/www.google.de\/intl\/de\/policies\/privacy\" target=\"_blank\" rel=\"noopener\">https:\/\/www.google.de\/intl\/de\/policies\/privacy<\/a>.\r\n<h3>Vimeo<\/h3>\r\nNuestro sitio web utiliza funciones proporcionadas por el portal de videos de Vimeo. Este servicio es proporcionado por Vimeo Inc., 555 West 18th Street, Nueva York, Nueva York 10011, EE. UU. Si visita una de nuestras p\u00e1ginas con un complemento de Vimeo, se establece una conexi\u00f3n con los servidores de Vimeo. Aqu\u00ed se informa al servidor de Vimeo sobre cu\u00e1l de nuestras p\u00e1ginas ha visitado. Adem\u00e1s, Vimeo recibir\u00e1 su direcci\u00f3n IP. Esto tambi\u00e9n se aplica si no ha iniciado sesi\u00f3n en Vimeo cuando visita nuestro complemento o no tiene una cuenta de Vimeo. La informaci\u00f3n se transmite a un servidor de Vimeo en los EE. UU., Donde se almacena. Si ha iniciado sesi\u00f3n en su cuenta de Vimeo, Vimeo le permite asociar su comportamiento de navegaci\u00f3n directamente con su perfil personal. Puede evitar esto cerrando la sesi\u00f3n de su cuenta de Vimeo. Para obtener m\u00e1s informaci\u00f3n sobre c\u00f3mo manejar los datos del usuario, consulte la Pol\u00edtica de privacidad de Vimeo en <a href=\"https:\/\/vimeo.com\/privacy\" target=\"_blank\" rel=\"noopener\">https:\/\/vimeo.com\/privacy<\/a>.\r\n<h3>Fuentes web de Google<\/h3>\r\nPara una representaci\u00f3n uniforme de las fuentes, esta p\u00e1gina utiliza fuentes web proporcionadas por Google. Cuando abre una p\u00e1gina, su navegador carga las fuentes web necesarias en la memoria cach\u00e9 de su navegador para mostrar los textos y las fuentes correctamente. Para ello, su navegador debe establecer una conexi\u00f3n directa con los servidores de Google. De este modo, Google se da cuenta de que se accedi\u00f3 a nuestra p\u00e1gina web a trav\u00e9s de su direcci\u00f3n IP. El uso de las fuentes web de Google se realiza en aras de una presentaci\u00f3n uniforme y atractiva de nuestro complemento. Esto constituye un inter\u00e9s justificado de conformidad con el art. 6 (1) (f) DSGVO. Si su navegador no admite fuentes web, su computadora utiliza una fuente est\u00e1ndar. Puede encontrar m\u00e1s informaci\u00f3n sobre el manejo de datos de usuario en <a href=\"https:\/\/developers.google.com\/fonts\/faq\" target=\"_blank\" rel=\"noopener\">https:\/\/developers.google.com\/fonts\/faq<\/a> and in Google&#8217;s privacy policy at <a href=\"https:\/\/www.google.com\/policies\/privacy\/\" target=\"_blank\" rel=\"noopener\">https:\/\/www.google.com\/policies\/privacy\/<\/a>.\r\n<h3>SoundCloud<\/h3>\r\nOn our pages, plugins of the SoundCloud social network (SoundCloud Limited, Berners House, 47-48 Berners Street, London W1T 3NF, UK) may be integrated. The SoundCloud plugins can be recognized by the SoundCloud logo on our site.\r\n\r\nWhen you visit our site, a direct connection between your browser and the SoundCloud server is established via the plugin. This enables SoundCloud to receive information that you have visited our site from your IP address. If you click on the \u201cLike\u201d or \u201cShare\u201d buttons while you are logged into your SoundCloud account, you can link the content of our pages to your SoundCloud profile. This means that SoundCloud can associate visits to our pages with your user account. We would like to point out that, as the provider of these pages, we have no knowledge of the content of the data transmitted or how it will be used by SoundCloud. For more information on SoundCloud\u2019s privacy policy, please go to https:\/\/soundcloud.com\/pages\/privacy.\r\n\r\nIf you do not want SoundCloud to associate your visit to our site with your SoundCloud account, please log out of your SoundCloud account.<\/p><\/div>","protected":false},"excerpt":{"rendered":"","protected":false},"author":9,"featured_media":0,"parent":0,"menu_order":0,"comment_status":"closed","ping_status":"closed","template":"","meta":{"content-type":"","om_disable_all_campaigns":false,"_monsterinsights_skip_tracking":false,"_monsterinsights_sitenote_active":false,"_monsterinsights_sitenote_note":"","_monsterinsights_sitenote_category":0,"footnotes":""},"class_list":["post-730","page","type-page","status-publish","hentry"],"aioseo_notices":[],"yoast_head":"<!-- This site is optimized with the Yoast SEO plugin v26.4 - https:\/\/yoast.com\/wordpress\/plugins\/seo\/ -->\n<title>Privacy statement (EU) | PrecisionOS<\/title>\n<meta name=\"robots\" content=\"index, follow, max-snippet:-1, max-image-preview:large, max-video-preview:-1\" \/>\n<link rel=\"canonical\" href=\"https:\/\/www.precisionostech.com\/es\/privacy-statement-eu\/\" \/>\n<meta property=\"og:locale\" content=\"es_ES\" \/>\n<meta property=\"og:type\" content=\"article\" \/>\n<meta property=\"og:title\" content=\"Privacy statement (EU) | PrecisionOS\" \/>\n<meta property=\"og:url\" content=\"https:\/\/www.precisionostech.com\/es\/privacy-statement-eu\/\" \/>\n<meta property=\"og:site_name\" content=\"PrecisionOS\" \/>\n<meta name=\"twitter:card\" content=\"summary_large_image\" \/>\n<script type=\"application\/ld+json\" class=\"yoast-schema-graph\">{\"@context\":\"https:\/\/schema.org\",\"@graph\":[{\"@type\":\"WebPage\",\"@id\":\"https:\/\/www.precisionostech.com\/privacy-statement-eu\/\",\"url\":\"https:\/\/www.precisionostech.com\/privacy-statement-eu\/\",\"name\":\"Privacy statement (EU) | PrecisionOS\",\"isPartOf\":{\"@id\":\"https:\/\/www.precisionostech.com\/#website\"},\"datePublished\":\"2020-04-15T17:36:41+00:00\",\"breadcrumb\":{\"@id\":\"https:\/\/www.precisionostech.com\/privacy-statement-eu\/#breadcrumb\"},\"inLanguage\":\"es\",\"potentialAction\":[{\"@type\":\"ReadAction\",\"target\":[\"https:\/\/www.precisionostech.com\/privacy-statement-eu\/\"]}]},{\"@type\":\"BreadcrumbList\",\"@id\":\"https:\/\/www.precisionostech.com\/privacy-statement-eu\/#breadcrumb\",\"itemListElement\":[{\"@type\":\"ListItem\",\"position\":1,\"name\":\"Home\",\"item\":\"https:\/\/www.precisionostech.com\/\"},{\"@type\":\"ListItem\",\"position\":2,\"name\":\"Privacy statement (EU)\"}]},{\"@type\":\"WebSite\",\"@id\":\"https:\/\/www.precisionostech.com\/#website\",\"url\":\"https:\/\/www.precisionostech.com\/\",\"name\":\"PrecisionOS\",\"description\":\"\",\"publisher\":{\"@id\":\"https:\/\/www.precisionostech.com\/#organization\"},\"potentialAction\":[{\"@type\":\"SearchAction\",\"target\":{\"@type\":\"EntryPoint\",\"urlTemplate\":\"https:\/\/www.precisionostech.com\/?s={search_term_string}\"},\"query-input\":{\"@type\":\"PropertyValueSpecification\",\"valueRequired\":true,\"valueName\":\"search_term_string\"}}],\"inLanguage\":\"es\"},{\"@type\":\"Organization\",\"@id\":\"https:\/\/www.precisionostech.com\/#organization\",\"name\":\"Precision OS\",\"url\":\"https:\/\/www.precisionostech.com\/\",\"logo\":{\"@type\":\"ImageObject\",\"inLanguage\":\"es\",\"@id\":\"https:\/\/www.precisionostech.com\/#\/schema\/logo\/image\/\",\"url\":\"https:\/\/www.precisionostech.com\/wp-content\/uploads\/2019\/10\/precision-os-logo.png\",\"contentUrl\":\"https:\/\/www.precisionostech.com\/wp-content\/uploads\/2019\/10\/precision-os-logo.png\",\"width\":636,\"height\":100,\"caption\":\"Precision OS\"},\"image\":{\"@id\":\"https:\/\/www.precisionostech.com\/#\/schema\/logo\/image\/\"}}]}<\/script>\n<!-- \/ Yoast SEO plugin. -->","yoast_head_json":{"title":"Privacy statement (EU) | PrecisionOS","robots":{"index":"index","follow":"follow","max-snippet":"max-snippet:-1","max-image-preview":"max-image-preview:large","max-video-preview":"max-video-preview:-1"},"canonical":"https:\/\/www.precisionostech.com\/es\/privacy-statement-eu\/","og_locale":"es_ES","og_type":"article","og_title":"Privacy statement (EU) | PrecisionOS","og_url":"https:\/\/www.precisionostech.com\/es\/privacy-statement-eu\/","og_site_name":"PrecisionOS","twitter_card":"summary_large_image","schema":{"@context":"https:\/\/schema.org","@graph":[{"@type":"WebPage","@id":"https:\/\/www.precisionostech.com\/privacy-statement-eu\/","url":"https:\/\/www.precisionostech.com\/privacy-statement-eu\/","name":"Privacy statement (EU) | PrecisionOS","isPartOf":{"@id":"https:\/\/www.precisionostech.com\/#website"},"datePublished":"2020-04-15T17:36:41+00:00","breadcrumb":{"@id":"https:\/\/www.precisionostech.com\/privacy-statement-eu\/#breadcrumb"},"inLanguage":"es","potentialAction":[{"@type":"ReadAction","target":["https:\/\/www.precisionostech.com\/privacy-statement-eu\/"]}]},{"@type":"BreadcrumbList","@id":"https:\/\/www.precisionostech.com\/privacy-statement-eu\/#breadcrumb","itemListElement":[{"@type":"ListItem","position":1,"name":"Home","item":"https:\/\/www.precisionostech.com\/"},{"@type":"ListItem","position":2,"name":"Privacy statement (EU)"}]},{"@type":"WebSite","@id":"https:\/\/www.precisionostech.com\/#website","url":"https:\/\/www.precisionostech.com\/","name":"PrecisionOS","description":"","publisher":{"@id":"https:\/\/www.precisionostech.com\/#organization"},"potentialAction":[{"@type":"SearchAction","target":{"@type":"EntryPoint","urlTemplate":"https:\/\/www.precisionostech.com\/?s={search_term_string}"},"query-input":{"@type":"PropertyValueSpecification","valueRequired":true,"valueName":"search_term_string"}}],"inLanguage":"es"},{"@type":"Organization","@id":"https:\/\/www.precisionostech.com\/#organization","name":"Sistema operativo de precisi\u00f3n","url":"https:\/\/www.precisionostech.com\/","logo":{"@type":"ImageObject","inLanguage":"es","@id":"https:\/\/www.precisionostech.com\/#\/schema\/logo\/image\/","url":"https:\/\/www.precisionostech.com\/wp-content\/uploads\/2019\/10\/precision-os-logo.png","contentUrl":"https:\/\/www.precisionostech.com\/wp-content\/uploads\/2019\/10\/precision-os-logo.png","width":636,"height":100,"caption":"Precision OS"},"image":{"@id":"https:\/\/www.precisionostech.com\/#\/schema\/logo\/image\/"}}]}},"_links":{"self":[{"href":"https:\/\/www.precisionostech.com\/es\/wp-json\/wp\/v2\/pages\/730","targetHints":{"allow":["GET"]}}],"collection":[{"href":"https:\/\/www.precisionostech.com\/es\/wp-json\/wp\/v2\/pages"}],"about":[{"href":"https:\/\/www.precisionostech.com\/es\/wp-json\/wp\/v2\/types\/page"}],"author":[{"embeddable":true,"href":"https:\/\/www.precisionostech.com\/es\/wp-json\/wp\/v2\/users\/9"}],"replies":[{"embeddable":true,"href":"https:\/\/www.precisionostech.com\/es\/wp-json\/wp\/v2\/comments?post=730"}],"version-history":[{"count":0,"href":"https:\/\/www.precisionostech.com\/es\/wp-json\/wp\/v2\/pages\/730\/revisions"}],"wp:attachment":[{"href":"https:\/\/www.precisionostech.com\/es\/wp-json\/wp\/v2\/media?parent=730"}],"curies":[{"name":"wp","href":"https:\/\/api.w.org\/{rel}","templated":true}]}}