{"id":338,"date":"2019-12-11T01:08:13","date_gmt":"2019-12-11T01:08:13","guid":{"rendered":"https:\/\/www.precisionostech.com\/?page_id=338"},"modified":"2023-09-29T21:25:30","modified_gmt":"2023-09-29T21:25:30","slug":"team","status":"publish","type":"page","link":"https:\/\/www.precisionostech.com\/fr\/team\/","title":{"rendered":"\u00c9quipe"},"content":{"rendered":"<div id=\"page-header-1685323106\" class=\"page-header-wrapper\">\n  <div class=\"page-title dark featured-title has-parallax\">\n\n        <div class=\"page-title-bg\">\n      <div class=\"title-bg fill bg-fill\"\n        data-parallax-container=\".page-title\"\n        data-parallax-background\n data-parallax=\"-7\">\n      <\/div>\n      <div class=\"title-overlay fill\"><\/div>\n    <\/div>\n    \n    <div class=\"page-title-inner container align-center text-center flex-row-col medium-flex-wrap\" data-parallax-fade=\"true\" data-parallax=\"-7\">\n              <div class=\"title-wrapper flex-col\">\n          <h1 class=\"entry-title mb-0\">\n            \u00c9quipe          <\/h1>\n        <\/div>\n                    <div class=\"title-content flex-col\">\n        <ul class=\"nav sm-touch-scroll nav-line nav-uppercase text-center nav-center\"><li class=\"nav-single-page hidden\"><\/li><\/ul>      <\/div>\n    <\/div>\n\n     \n<style>\n#page-header-1685323106 .page-title-inner {\n  min-height: 230px;\n}\n#page-header-1685323106 .title-bg {\n  background-image: url(https:\/\/www.precisionostech.com\/wp-content\/uploads\/2022\/05\/team2.png);\n  background-position: 51% 90%;\n}\n#page-header-1685323106 .title-overlay {\n  background-color: rgba(7, 42, 128, 0.85);\n}\n<\/style>\n  <\/div>\n    <\/div>\n  \n\n\t<section class=\"section\" id=\"section_1453168827\">\n\t\t<div class=\"bg section-bg fill bg-fill bg-loaded bg-loaded\" >\n\n\t\t\t\n\t\t\t\n\t\t\t\n\n\t\t<\/div>\n\n\t\t\n\n\t\t<div class=\"section-content relative\">\n\t\t\t\n\n<div class=\"row\"  id=\"row-749537265\">\n\n\n\t<div id=\"col-1223722655\" class=\"col small-12 large-12\"  >\n\t\t\t\t<div class=\"col-inner text-center\" style=\"background-color:rgb(255, 255, 255);\" >\n\t\t\t\n\t\t\t\n\n<div class=\"text-center\"><div class=\"is-divider divider clearfix\" style=\"margin-top:15px;margin-bottom:15px;max-width:100px;background-color:rgb(255, 255, 255);\"><\/div><\/div>\n\n<h2 class=\"darkblue home intro\">L&#039;expertise pour cr\u00e9er des exp\u00e9riences chirurgicales hautement r\u00e9alistes et m\u00e9dicalement pr\u00e9cises.<\/h2>\n<p>L&#039;\u00e9quipe Precision OS combine une exp\u00e9rience pratique avec la pratique et la formation chirurgicales, le leadership commercial et la technologie et le sens artistique du monde du jeu vid\u00e9o pour cr\u00e9er les exp\u00e9riences interactives de la plus haute fid\u00e9lit\u00e9 pour la formation chirurgicale.<\/p>\n\t<div id=\"gap-2108755053\" class=\"gap-element clearfix\" style=\"display:block; height:auto;\">\n\t\t\n<style>\n#gap-2108755053 {\n  padding-top: 10px;\n}\n<\/style>\n\t<\/div>\n\t\n\n\n\t\t<\/div>\n\t\t\t\t\n<style>\n#col-1223722655 > .col-inner {\n  padding: 0 15px 0px 15px;\n  margin: 0 0px 0px 0px;\n}\n<\/style>\n\t<\/div>\n\n\t\n\n<\/div>\n<div class=\"row\"  id=\"row-182705508\">\n\n\n\t<div id=\"col-966488512\" class=\"col small-12 large-12\"  >\n\t\t\t\t<div class=\"col-inner text-center\" style=\"background-color:rgb(255, 255, 255);\" >\n\t\t\t\n\t\t\t\n\n<h2 class=\"center\" style=\"text-align: center;\"><span style=\"\">Rencontrez nos fondateurs<\/span><\/h2>\n\t<div id=\"gap-1348507540\" class=\"gap-element clearfix\" style=\"display:block; height:auto;\">\n\t\t\n<style>\n#gap-1348507540 {\n  padding-top: 10px;\n}\n<\/style>\n\t<\/div>\n\t\n\n<div class=\"row\"  id=\"row-882018156\">\n\n\n\t<div id=\"col-1000179509\" class=\"col medium-4 small-12 large-4\"  >\n\t\t\t\t<div class=\"col-inner\"  >\n\t\t\t\n\t\t\t\n\n    <div class=\"box has-hover has-hover box-default box-text-bottom\" >\n\n                  <div class=\"box-image\" >\n           <div class=\"box-image-inner image-cover\" style=\"padding-top:100%;\">\n              <img decoding=\"async\" width=\"2560\" height=\"2523\" data-src=\"https:\/\/www.precisionostech.com\/wp-content\/uploads\/2020\/01\/D_Goel_500-Final-scaled.jpg\" class=\"attachment- size- lazyload\" alt=\"DANNY P. GOEL, MD - CHIEF EXECUTIVE OFFICER\" data-srcset=\"https:\/\/www.precisionostech.com\/wp-content\/uploads\/2020\/01\/D_Goel_500-Final-scaled.jpg 2560w, https:\/\/www.precisionostech.com\/wp-content\/uploads\/2020\/01\/D_Goel_500-Final-300x296.jpg 300w, https:\/\/www.precisionostech.com\/wp-content\/uploads\/2020\/01\/D_Goel_500-Final-1024x1009.jpg 1024w, https:\/\/www.precisionostech.com\/wp-content\/uploads\/2020\/01\/D_Goel_500-Final-768x757.jpg 768w, https:\/\/www.precisionostech.com\/wp-content\/uploads\/2020\/01\/D_Goel_500-Final-1536x1514.jpg 1536w, https:\/\/www.precisionostech.com\/wp-content\/uploads\/2020\/01\/D_Goel_500-Final-2048x2018.jpg 2048w, https:\/\/www.precisionostech.com\/wp-content\/uploads\/2020\/01\/D_Goel_500-Final-12x12.jpg 12w, https:\/\/www.precisionostech.com\/wp-content\/uploads\/2020\/01\/D_Goel_500-Final-595xh.jpg 595w\" data-sizes=\"(max-width: 2560px) 100vw, 2560px\" src=\"data:image\/svg+xml;base64,PHN2ZyB3aWR0aD0iMSIgaGVpZ2h0PSIxIiB4bWxucz0iaHR0cDovL3d3dy53My5vcmcvMjAwMC9zdmciPjwvc3ZnPg==\" style=\"--smush-placeholder-width: 2560px; --smush-placeholder-aspect-ratio: 2560\/2523;\" \/>                         <\/div>\n          <\/div>\n         \n          <div class=\"box-text text-center\" >\n                <div class=\"box-text-inner\">\n                  <h4 class=\"uppercase\">\n                    <span class=\"person-name\">Danny P. Goel, MD<\/span><br\/>\n                    <span class=\"person-title is-small thin-font op-7\">\n                      Chef de la direction                    <\/span>\n                  <\/h4>\n\t\t\t\t\t\n\n<p style=\"text-align: left;\">Chirurgien en exercice et \u00e9ducateur en chirurgie, le Dr Goel exerce actuellement dans la r\u00e9gion de Vancouver, en Colombie-Britannique, et si\u00e8ge \u00e9galement \u00e0 la facult\u00e9 de m\u00e9decine de l&#039;Universit\u00e9 de la Colombie-Britannique au sein du d\u00e9partement de chirurgie orthop\u00e9dique. Il a obtenu son dipl\u00f4me de m\u00e9decine de l&#039;Universit\u00e9 du Manitoba, a fait sa r\u00e9sidence en chirurgie orthop\u00e9dique \u00e0 l&#039;Universit\u00e9 de Calgary et a termin\u00e9 une formation universitaire en chirurgie de l&#039;\u00e9paule \u00e0 l&#039;Universit\u00e9 de Western Ontario et \u00e0 l&#039;Universit\u00e9 Harvard. Goel est co-auteur de plus de 30 publications et est largement sollicit\u00e9 en tant que pr\u00e9sentateur sur les techniques chirurgicales.<\/p>\n<div class=\"social-icons follow-icons team full-width text-left\" style=\"font-size:111%\"><a href=\"https:\/\/www.facebook.com\/PrecisionOStech\/\" target=\"_blank\" data-label=\"Facebook\" class=\"icon plain facebook tooltip\" title=\"Nous suivre sur Facebook\" aria-label=\"Nous suivre sur Facebook\" rel=\"noopener nofollow\" ><i class=\"icon-facebook\" ><\/i><\/a><a href=\"https:\/\/www.instagram.com\/precision_os\/\" target=\"_blank\" data-label=\"Instagram\" class=\"icon plain instagram tooltip\" title=\"Nous suivre sur Instagram\" aria-label=\"Nous suivre sur Instagram\" rel=\"noopener nofollow\" ><i class=\"icon-instagram\" ><\/i><\/a><a href=\"https:\/\/twitter.com\/PrecisionOSVR\" data-label=\"Twitter\" target=\"_blank\" class=\"icon plain twitter tooltip\" title=\"Nous suivre sur Twitter\" aria-label=\"Nous suivre sur Twitter\" rel=\"noopener nofollow\" ><i class=\"icon-twitter\" ><\/i><\/a><a href=\"https:\/\/www.linkedin.com\/company\/precisionos\/\" data-label=\"LinkedIn\" target=\"_blank\" class=\"icon plain linkedin tooltip\" title=\"Nous suivons sur LinkedIn\" aria-label=\"Nous suivons sur LinkedIn\" rel=\"noopener nofollow\" ><i class=\"icon-linkedin\" ><\/i><\/a><\/div>\n\n\n                <\/div>\n          <\/div>\n    <\/div>\n\n\t\n    \n\n\t\t<\/div>\n\t\t\t\t\t<\/div>\n\n\t\n\n\t<div id=\"col-761217006\" class=\"col medium-4 small-12 large-4\"  >\n\t\t\t\t<div class=\"col-inner\"  >\n\t\t\t\n\t\t\t\n\n    <div class=\"box has-hover has-hover box-default box-text-bottom\" >\n\n                  <div class=\"box-image\" >\n           <div class=\"box-image-inner image-cover\" style=\"padding-top:100%;\">\n              <img decoding=\"async\" width=\"500\" height=\"514\" data-src=\"https:\/\/www.precisionostech.com\/wp-content\/uploads\/2020\/01\/C_OConnor_500_Final.jpg\" class=\"attachment- size- lazyload\" alt=\"COLIN O&#039;CONNOR - CHIEF TECHNICAL OFFICER\" data-srcset=\"https:\/\/www.precisionostech.com\/wp-content\/uploads\/2020\/01\/C_OConnor_500_Final.jpg 500w, https:\/\/www.precisionostech.com\/wp-content\/uploads\/2020\/01\/C_OConnor_500_Final-292x300.jpg 292w, https:\/\/www.precisionostech.com\/wp-content\/uploads\/2020\/01\/C_OConnor_500_Final-12x12.jpg 12w\" data-sizes=\"(max-width: 500px) 100vw, 500px\" src=\"data:image\/svg+xml;base64,PHN2ZyB3aWR0aD0iMSIgaGVpZ2h0PSIxIiB4bWxucz0iaHR0cDovL3d3dy53My5vcmcvMjAwMC9zdmciPjwvc3ZnPg==\" style=\"--smush-placeholder-width: 500px; --smush-placeholder-aspect-ratio: 500\/514;\" \/>                         <\/div>\n          <\/div>\n         \n          <div class=\"box-text text-center\" >\n                <div class=\"box-text-inner\">\n                  <h4 class=\"uppercase\">\n                    <span class=\"person-name\">Colin O&#039;Connor<\/span><br\/>\n                    <span class=\"person-title is-small thin-font op-7\">\n                      Directeur technique                    <\/span>\n                  <\/h4>\n\t\t\t\t\t\n\n<p style=\"text-align: left;\">Colin O\u2019Connor brings a proven track record as a business leader and entrepreneur, as well as expertise at developing cutting-edge technology to create immersive, high-fidelity experiences. He has overseen and played key leadership roles in the highest echelons of the video game industry, founding companies and taking more than 16 top-tier titles to market. He has worked at the forefront in innovating new rendering technologies in the areas of lighting, motion, particle graphics and shading that bring unprecedented realism to interactive experiences.<\/p>\n<div class=\"social-icons follow-icons team full-width text-left\" style=\"font-size:111%\"><a href=\"https:\/\/www.instagram.com\/precision_os\/\" target=\"_blank\" data-label=\"Instagram\" class=\"icon plain instagram tooltip\" title=\"Nous suivre sur Instagram\" aria-label=\"Nous suivre sur Instagram\" rel=\"noopener nofollow\" ><i class=\"icon-instagram\" ><\/i><\/a><a href=\"https:\/\/www.linkedin.com\/in\/colin-o-connor-nz\/\" data-label=\"LinkedIn\" target=\"_blank\" class=\"icon plain linkedin tooltip\" title=\"Nous suivons sur LinkedIn\" aria-label=\"Nous suivons sur LinkedIn\" rel=\"noopener nofollow\" ><i class=\"icon-linkedin\" ><\/i><\/a><\/div>\n\n\n                <\/div>\n          <\/div>\n    <\/div>\n\n\t\n    \n\n\t\t<\/div>\n\t\t\t\t\t<\/div>\n\n\t\n\n\t<div id=\"col-826625616\" class=\"col medium-4 small-12 large-4\"  >\n\t\t\t\t<div class=\"col-inner\"  >\n\t\t\t\n\t\t\t\n\n    <div class=\"box has-hover has-hover box-default box-text-bottom\" >\n\n                  <div class=\"box-image\" >\n           <div class=\"box-image-inner image-cover\" style=\"padding-top:100%;\">\n              <img decoding=\"async\" width=\"500\" height=\"501\" data-src=\"https:\/\/www.precisionostech.com\/wp-content\/uploads\/2020\/01\/R_Oliveira_500-Final.jpg\" class=\"attachment- size- lazyload\" alt=\"ROBERTO OLIVEIRA - CHIEF CREATIVE OFFICER\" data-srcset=\"https:\/\/www.precisionostech.com\/wp-content\/uploads\/2020\/01\/R_Oliveira_500-Final.jpg 500w, https:\/\/www.precisionostech.com\/wp-content\/uploads\/2020\/01\/R_Oliveira_500-Final-300x300.jpg 300w, https:\/\/www.precisionostech.com\/wp-content\/uploads\/2020\/01\/R_Oliveira_500-Final-150x150.jpg 150w, https:\/\/www.precisionostech.com\/wp-content\/uploads\/2020\/01\/R_Oliveira_500-Final-12x12.jpg 12w\" data-sizes=\"(max-width: 500px) 100vw, 500px\" src=\"data:image\/svg+xml;base64,PHN2ZyB3aWR0aD0iMSIgaGVpZ2h0PSIxIiB4bWxucz0iaHR0cDovL3d3dy53My5vcmcvMjAwMC9zdmciPjwvc3ZnPg==\" style=\"--smush-placeholder-width: 500px; --smush-placeholder-aspect-ratio: 500\/501;\" \/>                         <\/div>\n          <\/div>\n         \n          <div class=\"box-text text-center\" >\n                <div class=\"box-text-inner\">\n                  <h4 class=\"uppercase\">\n                    <span class=\"person-name\">Roberto Oliveira<\/span><br\/>\n                    <span class=\"person-title is-small thin-font op-7\">\n                      Chef de la cr\u00e9ation                    <\/span>\n                  <\/h4>\n\t\t\t\t\t\n\n<p style=\"text-align: left;\">Au cours de ses 25 ann\u00e9es dans l&#039;industrie du jeu, Roberto Oliveira est connu pour apporter un r\u00e9alisme \u00e9poustouflant et une haute fid\u00e9lit\u00e9 aux exp\u00e9riences interactives. Il combine la vision artistique d&#039;un directeur artistique avec un solide leadership en affaires, y compris une exp\u00e9rience dans la constitution d&#039;\u00e9quipes artistiques, la gestion d&#039;\u00e9quipes cr\u00e9atives, la planification de projets, la gestion de projets et le d\u00e9veloppement des affaires. Au fil des ans, ses talents ont \u00e9t\u00e9 mis en valeur dans des projets pour de grands \u00e9diteurs tels que Sony, Activision, Disney et Electronic Arts.<\/p>\n<div class=\"social-icons follow-icons team full-width text-left\" style=\"font-size:111%\"><a href=\"https:\/\/www.instagram.com\/precision_os\/\" target=\"_blank\" data-label=\"Instagram\" class=\"icon plain instagram tooltip\" title=\"Nous suivre sur Instagram\" aria-label=\"Nous suivre sur Instagram\" rel=\"noopener nofollow\" ><i class=\"icon-instagram\" ><\/i><\/a><a href=\"https:\/\/www.linkedin.com\/in\/roberto-p-oliveira\/\" data-label=\"LinkedIn\" target=\"_blank\" class=\"icon plain linkedin tooltip\" title=\"Nous suivons sur LinkedIn\" aria-label=\"Nous suivons sur LinkedIn\" rel=\"noopener nofollow\" ><i class=\"icon-linkedin\" ><\/i><\/a><\/div>\n\n\n                <\/div>\n          <\/div>\n    <\/div>\n\n\t\n    \n\n\t\t<\/div>\n\t\t\t\t\t<\/div>\n\n\t\n\n<\/div>\n\t<div id=\"gap-103563413\" class=\"gap-element clearfix\" style=\"display:block; height:auto;\">\n\t\t\n<style>\n#gap-103563413 {\n  padding-top: 64px;\n}\n<\/style>\n\t<\/div>\n\t\n\n\t<div id=\"gap-2025986290\" class=\"gap-element clearfix\" style=\"display:block; height:auto;\">\n\t\t\n<style>\n#gap-2025986290 {\n  padding-top: 10px;\n}\n<\/style>\n\t<\/div>\n\t\n\n<div class=\"row\"  id=\"row-437576104\">\n\n\n<\/div>\n\n\t\t<\/div>\n\t\t\t\t\n<style>\n#col-966488512 > .col-inner {\n  padding: 0 15px 0px 15px;\n  margin: 0 0px 0px 0px;\n}\n<\/style>\n\t<\/div>\n\n\t\n\n<\/div>\n\n\t\t<\/div>\n\n\t\t\n<style>\n#section_1453168827 {\n  padding-top: 30px;\n  padding-bottom: 30px;\n}\n<\/style>\n\t<\/section>\n\t\n\n  <div class=\"banner has-hover has-parallax\" id=\"banner-1929799291\">\n          <div class=\"banner-inner fill\">\n        <div class=\"banner-bg fill\" data-parallax=\"-8\" data-parallax-container=\".banner\" data-parallax-background>\n            <div class=\"bg fill bg-fill bg-loaded\"><\/div>\n                        <div class=\"overlay\"><\/div>            \n                    <\/div>\n\t\t\n        <div class=\"banner-layers container\">\n            <div class=\"fill banner-link\"><\/div>            \n\n   <div id=\"text-box-306512432\" class=\"text-box banner-layer x50 md-x50 lg-x50 y50 md-y50 lg-y50 res-text\">\n                                <div class=\"text-box-content text dark\">\n              \n              <div class=\"text-inner text-center\">\n                  \n\n<h2 class=\"lowercase\" style=\"color:#fff\">Plongez-vous dans Precision OS<\/h2>\n<p>et d\u00e9couvrez l'avenir de la formation chirurgicale<\/p>\n<a href=\"\/fr\/contact\/\" class=\"button white is-outline\"  >\n    <span>D\u00e9couvrez Precision OS<\/span>\n  <\/a>\n\n\n\n              <\/div>\n           <\/div>\n                            \n<style>\n#text-box-306512432 {\n  width: 65%;\n}\n#text-box-306512432 .text-box-content {\n  font-size: 100%;\n}\n@media (min-width:550px) {\n  #text-box-306512432 {\n    width: 51%;\n  }\n}\n<\/style>\n    <\/div>\n \n\n        <\/div>\n      <\/div>\n\n            \n<style>\n#banner-1929799291 {\n  padding-top: 95%;\n}\n#banner-1929799291 .bg.bg-loaded {\n  background-image: url(https:\/\/www.precisionostech.com\/wp-content\/uploads\/2020\/01\/PrecisionScreenCap0002_1920_Cropped.jpg);\n}\n#banner-1929799291 .overlay {\n  background-color: rgba(31, 84, 222, 0.8);\n}\n@media (min-width:550px) {\n  #banner-1929799291 {\n    padding-top: 30%;\n  }\n}\n<\/style>\n  <\/div>","protected":false},"excerpt":{"rendered":"","protected":false},"author":3,"featured_media":150,"parent":0,"menu_order":0,"comment_status":"closed","ping_status":"closed","template":"page-transparent-header-light.php","meta":{"content-type":"","om_disable_all_campaigns":false,"_monsterinsights_skip_tracking":false,"_monsterinsights_sitenote_active":false,"_monsterinsights_sitenote_note":"","_monsterinsights_sitenote_category":0,"footnotes":""},"class_list":["post-338","page","type-page","status-publish","has-post-thumbnail","hentry"],"aioseo_notices":[],"yoast_head":"<!-- This site is optimized with the Yoast SEO plugin v26.4 - https:\/\/yoast.com\/wordpress\/plugins\/seo\/ -->\n<title>Team | PrecisionOS<\/title>\n<meta name=\"robots\" content=\"index, follow, max-snippet:-1, max-image-preview:large, max-video-preview:-1\" \/>\n<link rel=\"canonical\" href=\"https:\/\/www.precisionostech.com\/fr\/team\/\" \/>\n<meta property=\"og:locale\" content=\"fr_FR\" \/>\n<meta property=\"og:type\" content=\"article\" \/>\n<meta property=\"og:title\" content=\"Team | PrecisionOS\" \/>\n<meta property=\"og:url\" content=\"https:\/\/www.precisionostech.com\/fr\/team\/\" \/>\n<meta property=\"og:site_name\" content=\"PrecisionOS\" \/>\n<meta property=\"article:modified_time\" content=\"2023-09-29T21:25:30+00:00\" \/>\n<meta property=\"og:image\" content=\"https:\/\/www.precisionostech.com\/wp-content\/uploads\/2019\/10\/Careers.jpg\" \/>\n\t<meta property=\"og:image:width\" content=\"2000\" \/>\n\t<meta property=\"og:image:height\" content=\"900\" \/>\n\t<meta property=\"og:image:type\" content=\"image\/jpeg\" \/>\n<meta name=\"twitter:card\" content=\"summary_large_image\" \/>\n<meta name=\"twitter:label1\" content=\"Dur\u00e9e de lecture estim\u00e9e\" \/>\n\t<meta name=\"twitter:data1\" content=\"3 minutes\" \/>\n<script type=\"application\/ld+json\" class=\"yoast-schema-graph\">{\"@context\":\"https:\/\/schema.org\",\"@graph\":[{\"@type\":\"WebPage\",\"@id\":\"https:\/\/www.precisionostech.com\/team\/\",\"url\":\"https:\/\/www.precisionostech.com\/team\/\",\"name\":\"Team | PrecisionOS\",\"isPartOf\":{\"@id\":\"https:\/\/www.precisionostech.com\/#website\"},\"primaryImageOfPage\":{\"@id\":\"https:\/\/www.precisionostech.com\/team\/#primaryimage\"},\"image\":{\"@id\":\"https:\/\/www.precisionostech.com\/team\/#primaryimage\"},\"thumbnailUrl\":\"https:\/\/www.precisionostech.com\/wp-content\/uploads\/2019\/10\/Careers.jpg\",\"datePublished\":\"2019-12-11T01:08:13+00:00\",\"dateModified\":\"2023-09-29T21:25:30+00:00\",\"breadcrumb\":{\"@id\":\"https:\/\/www.precisionostech.com\/team\/#breadcrumb\"},\"inLanguage\":\"fr-FR\",\"potentialAction\":[{\"@type\":\"ReadAction\",\"target\":[\"https:\/\/www.precisionostech.com\/team\/\"]}]},{\"@type\":\"ImageObject\",\"inLanguage\":\"fr-FR\",\"@id\":\"https:\/\/www.precisionostech.com\/team\/#primaryimage\",\"url\":\"https:\/\/www.precisionostech.com\/wp-content\/uploads\/2019\/10\/Careers.jpg\",\"contentUrl\":\"https:\/\/www.precisionostech.com\/wp-content\/uploads\/2019\/10\/Careers.jpg\",\"width\":2000,\"height\":900},{\"@type\":\"BreadcrumbList\",\"@id\":\"https:\/\/www.precisionostech.com\/team\/#breadcrumb\",\"itemListElement\":[{\"@type\":\"ListItem\",\"position\":1,\"name\":\"Home\",\"item\":\"https:\/\/www.precisionostech.com\/\"},{\"@type\":\"ListItem\",\"position\":2,\"name\":\"Team\"}]},{\"@type\":\"WebSite\",\"@id\":\"https:\/\/www.precisionostech.com\/#website\",\"url\":\"https:\/\/www.precisionostech.com\/\",\"name\":\"PrecisionOS\",\"description\":\"\",\"publisher\":{\"@id\":\"https:\/\/www.precisionostech.com\/#organization\"},\"potentialAction\":[{\"@type\":\"SearchAction\",\"target\":{\"@type\":\"EntryPoint\",\"urlTemplate\":\"https:\/\/www.precisionostech.com\/?s={search_term_string}\"},\"query-input\":{\"@type\":\"PropertyValueSpecification\",\"valueRequired\":true,\"valueName\":\"search_term_string\"}}],\"inLanguage\":\"fr-FR\"},{\"@type\":\"Organization\",\"@id\":\"https:\/\/www.precisionostech.com\/#organization\",\"name\":\"Precision OS\",\"url\":\"https:\/\/www.precisionostech.com\/\",\"logo\":{\"@type\":\"ImageObject\",\"inLanguage\":\"fr-FR\",\"@id\":\"https:\/\/www.precisionostech.com\/#\/schema\/logo\/image\/\",\"url\":\"https:\/\/www.precisionostech.com\/wp-content\/uploads\/2019\/10\/precision-os-logo.png\",\"contentUrl\":\"https:\/\/www.precisionostech.com\/wp-content\/uploads\/2019\/10\/precision-os-logo.png\",\"width\":636,\"height\":100,\"caption\":\"Precision OS\"},\"image\":{\"@id\":\"https:\/\/www.precisionostech.com\/#\/schema\/logo\/image\/\"}}]}<\/script>\n<!-- \/ Yoast SEO plugin. -->","yoast_head_json":{"title":"Team | PrecisionOS","robots":{"index":"index","follow":"follow","max-snippet":"max-snippet:-1","max-image-preview":"max-image-preview:large","max-video-preview":"max-video-preview:-1"},"canonical":"https:\/\/www.precisionostech.com\/fr\/team\/","og_locale":"fr_FR","og_type":"article","og_title":"Team | PrecisionOS","og_url":"https:\/\/www.precisionostech.com\/fr\/team\/","og_site_name":"PrecisionOS","article_modified_time":"2023-09-29T21:25:30+00:00","og_image":[{"width":2000,"height":900,"url":"https:\/\/www.precisionostech.com\/wp-content\/uploads\/2019\/10\/Careers.jpg","type":"image\/jpeg"}],"twitter_card":"summary_large_image","twitter_misc":{"Dur\u00e9e de lecture estim\u00e9e":"3 minutes"},"schema":{"@context":"https:\/\/schema.org","@graph":[{"@type":"WebPage","@id":"https:\/\/www.precisionostech.com\/team\/","url":"https:\/\/www.precisionostech.com\/team\/","name":"Team | PrecisionOS","isPartOf":{"@id":"https:\/\/www.precisionostech.com\/#website"},"primaryImageOfPage":{"@id":"https:\/\/www.precisionostech.com\/team\/#primaryimage"},"image":{"@id":"https:\/\/www.precisionostech.com\/team\/#primaryimage"},"thumbnailUrl":"https:\/\/www.precisionostech.com\/wp-content\/uploads\/2019\/10\/Careers.jpg","datePublished":"2019-12-11T01:08:13+00:00","dateModified":"2023-09-29T21:25:30+00:00","breadcrumb":{"@id":"https:\/\/www.precisionostech.com\/team\/#breadcrumb"},"inLanguage":"fr-FR","potentialAction":[{"@type":"ReadAction","target":["https:\/\/www.precisionostech.com\/team\/"]}]},{"@type":"ImageObject","inLanguage":"fr-FR","@id":"https:\/\/www.precisionostech.com\/team\/#primaryimage","url":"https:\/\/www.precisionostech.com\/wp-content\/uploads\/2019\/10\/Careers.jpg","contentUrl":"https:\/\/www.precisionostech.com\/wp-content\/uploads\/2019\/10\/Careers.jpg","width":2000,"height":900},{"@type":"BreadcrumbList","@id":"https:\/\/www.precisionostech.com\/team\/#breadcrumb","itemListElement":[{"@type":"ListItem","position":1,"name":"Home","item":"https:\/\/www.precisionostech.com\/"},{"@type":"ListItem","position":2,"name":"Team"}]},{"@type":"WebSite","@id":"https:\/\/www.precisionostech.com\/#website","url":"https:\/\/www.precisionostech.com\/","name":"PrecisionOS","description":"","publisher":{"@id":"https:\/\/www.precisionostech.com\/#organization"},"potentialAction":[{"@type":"SearchAction","target":{"@type":"EntryPoint","urlTemplate":"https:\/\/www.precisionostech.com\/?s={search_term_string}"},"query-input":{"@type":"PropertyValueSpecification","valueRequired":true,"valueName":"search_term_string"}}],"inLanguage":"fr-FR"},{"@type":"Organization","@id":"https:\/\/www.precisionostech.com\/#organization","name":"Syst\u00e8me d&#039;exploitation de pr\u00e9cision","url":"https:\/\/www.precisionostech.com\/","logo":{"@type":"ImageObject","inLanguage":"fr-FR","@id":"https:\/\/www.precisionostech.com\/#\/schema\/logo\/image\/","url":"https:\/\/www.precisionostech.com\/wp-content\/uploads\/2019\/10\/precision-os-logo.png","contentUrl":"https:\/\/www.precisionostech.com\/wp-content\/uploads\/2019\/10\/precision-os-logo.png","width":636,"height":100,"caption":"Precision OS"},"image":{"@id":"https:\/\/www.precisionostech.com\/#\/schema\/logo\/image\/"}}]}},"_links":{"self":[{"href":"https:\/\/www.precisionostech.com\/fr\/wp-json\/wp\/v2\/pages\/338","targetHints":{"allow":["GET"]}}],"collection":[{"href":"https:\/\/www.precisionostech.com\/fr\/wp-json\/wp\/v2\/pages"}],"about":[{"href":"https:\/\/www.precisionostech.com\/fr\/wp-json\/wp\/v2\/types\/page"}],"author":[{"embeddable":true,"href":"https:\/\/www.precisionostech.com\/fr\/wp-json\/wp\/v2\/users\/3"}],"replies":[{"embeddable":true,"href":"https:\/\/www.precisionostech.com\/fr\/wp-json\/wp\/v2\/comments?post=338"}],"version-history":[{"count":0,"href":"https:\/\/www.precisionostech.com\/fr\/wp-json\/wp\/v2\/pages\/338\/revisions"}],"wp:featuredmedia":[{"embeddable":true,"href":"https:\/\/www.precisionostech.com\/fr\/wp-json\/wp\/v2\/media\/150"}],"wp:attachment":[{"href":"https:\/\/www.precisionostech.com\/fr\/wp-json\/wp\/v2\/media?parent=338"}],"curies":[{"name":"wp","href":"https:\/\/api.w.org\/{rel}","templated":true}]}}